{"id":18,"date":"2024-08-01T04:16:00","date_gmt":"2024-08-01T04:16:00","guid":{"rendered":"https:\/\/www.nestekeha3.fi\/?page_id=18"},"modified":"2025-09-29T07:23:50","modified_gmt":"2025-09-29T07:23:50","slug":"home","status":"publish","type":"page","link":"https:\/\/www.nestekeha3.fi\/","title":{"rendered":"Etusivu"},"content":{"rendered":"\n<p><\/p>\n\n\n\n<div class=\"wp-block-cover is-light\"><img loading=\"lazy\" decoding=\"async\" width=\"2048\" height=\"1152\" class=\"wp-block-cover__image-background wp-image-58\" alt=\"\" src=\"https:\/\/www.nestekeha3.fi\/wp-content\/uploads\/2024\/07\/IMG_1371.jpg\" data-object-fit=\"cover\" srcset=\"https:\/\/www.nestekeha3.fi\/wp-content\/uploads\/2024\/07\/IMG_1371.jpg 2048w, https:\/\/www.nestekeha3.fi\/wp-content\/uploads\/2024\/07\/IMG_1371-300x169.jpg 300w, https:\/\/www.nestekeha3.fi\/wp-content\/uploads\/2024\/07\/IMG_1371-1024x576.jpg 1024w, https:\/\/www.nestekeha3.fi\/wp-content\/uploads\/2024\/07\/IMG_1371-768x432.jpg 768w, https:\/\/www.nestekeha3.fi\/wp-content\/uploads\/2024\/07\/IMG_1371-1536x864.jpg 1536w\" sizes=\"auto, (max-width: 2048px) 100vw, 2048px\" \/><span aria-hidden=\"true\" class=\"wp-block-cover__background has-background-dim\" style=\"background-color:#8f8f8f\"><\/span><div class=\"wp-block-cover__inner-container is-layout-constrained wp-block-cover-is-layout-constrained\">\n<p class=\"has-text-align-center has-large-font-size\">Neste Keh\u00e4 3<\/p>\n<\/div><\/div>\n\n\n\n<h2 class=\"wp-block-heading has-large-font-size\">Aukioloajat:<\/h2>\n\n\n\n<ul class=\"wp-block-list has-ast-global-color-8-color has-text-color has-link-color wp-elements-0c248ca1e787fc423e32e5350be82c2a\">\n<li>Ravintola: MA-PE 6.00-21.00, Myym\u00e4l\u00e4: 6.00-21.00<\/li>\n\n\n\n<li> <\/li>\n\n\n\n<li> <\/li>\n\n\n\n<li><strong>Aamiaisbuffet arkisin klo:06-10, lauantaisin klo: 8-11, sunnuntaisin klo:9-11<\/strong>  10,50 \u20ac<\/li>\n\n\n\n<li>lounas arkisin klo: 10.15-15.00<\/li>\n\n\n\n<li>Passit toimivat 30.9.2025 saakka ( lounas-, kahvi- ja pesupassit )<\/li>\n\n\n\n<li>SULJEMME 30.9.25 KLO:15:00. <\/li>\n\n\n\n<li><\/li>\n<\/ul>\n\n\n\n<h2 class=\"wp-block-heading has-large-font-size\">Herkullinen lounas Neste Keh\u00e4 3:selta joka p\u00e4iv\u00e4!<\/h2>\n\n\n\n<p class=\"has-ast-global-color-8-color has-text-color has-link-color wp-elements-bb37dc61e9e284598d65d91a1efc8083\">Lounas arkisin 13,50\u20ac , Keittolounas 9,90\u20ac.\u00a0<\/p>\n\n\n\n<p><\/p>\n\n\n\n<h3 class=\"wp-block-heading\">Maanantai 29.9.<\/h3>\n\n\n\n<p>       Savuporokeittoa ( g, l) 9,90\u20ac<\/p>\n\n\n\n<ul class=\"wp-block-list has-ast-global-color-8-color has-text-color has-link-color wp-elements-3e3ac54352edc3a74e8d89df17a81540\">\n<li>Ylikyps\u00e4\u00e4 possunposkea, pippurikastiketta ( l,g ) 13,50 \u20ac<\/li>\n\n\n\n<li>Paistettua kapinkummeliturskaa ( L ) 13,50 e<\/li>\n<\/ul>\n\n\n\n<h3 class=\"wp-block-heading\">Tiistai 30.9.<\/h3>\n\n\n\n<ul class=\"wp-block-list\">\n<li>Paistettua lohta ( L,G ) 13,50 \u20ac<\/li>\n\n\n\n<li>Ylikyps\u00e4\u00e4 kassleria ( L,G ) 13,50 \u20ac<\/li>\n\n\n\n<li>Kermainen lohikeitto 9,90 \u20ac ( L, G )<\/li>\n<\/ul>\n\n\n\n<h3 class=\"wp-block-heading has-ast-global-color-8-color has-text-color has-link-color wp-elements-283020d98316785edc2ffed7e400f3d5\">Kiitos kaikille asiakkaille kuluneesta vuodesta &lt;3<\/h3>\n\n\n\n<ul class=\"wp-block-list\">\n<li> <\/li>\n<\/ul>\n\n\n\n<h3 class=\"wp-block-heading\"><\/h3>\n\n\n\n<ul class=\"wp-block-list\">\n<li> <\/li>\n<\/ul>\n\n\n\n<h3 class=\"wp-block-heading\"><\/h3>\n\n\n\n<ul class=\"wp-block-list\">\n<li> <\/li>\n<\/ul>\n\n\n\n<h3 class=\"wp-block-heading\"><\/h3>\n\n\n\n<ul class=\"wp-block-list has-ast-global-color-8-color has-text-color has-link-color wp-elements-7a7cf54cc4624ecea52e8fd2ada4758c\">\n<li> <\/li>\n<\/ul>\n\n\n\n<h3 class=\"wp-block-heading\"><\/h3>\n\n\n\n<ul class=\"wp-block-list\">\n<li> <\/li>\n<\/ul>\n\n\n\n<div class=\"wp-block-group is-content-justification-left is-nowrap is-layout-flex wp-container-core-group-is-layout-fc9f69e7 wp-block-group-is-layout-flex\">\n<div class=\"wp-block-columns is-layout-flex wp-container-core-columns-is-layout-28f84493 wp-block-columns-is-layout-flex\">\n<div class=\"wp-block-column is-layout-flow wp-block-column-is-layout-flow\">\n<h3 class=\"wp-block-heading\">Maistuva ruoka<\/h3>\n\n\n\n<p class=\"has-ast-global-color-8-color has-text-color has-link-color wp-elements-65898ee412a5f8363d8eb48c31fa761d\">Meilt\u00e4 maistuva lounas, Kotipizza sek\u00e4 monipuolinen Ala Carte valikoima.<\/p>\n<\/div>\n\n\n\n<div class=\"wp-block-column is-layout-flow wp-block-column-is-layout-flow\">\n<h3 class=\"wp-block-heading\">Ev\u00e4\u00e4t kaupasta<\/h3>\n\n\n\n<p class=\"has-ast-global-color-8-color has-text-color has-link-color wp-elements-7b5cd7717a01a2cc1949dfc72a2c6715\">Kaupastamme saat niin ev\u00e4st\u00e4 matkalle kuin \u00f6ljy\u00e4 autoon tai uudet pyyhkij\u00e4nsulat.<\/p>\n<\/div>\n\n\n\n<div class=\"wp-block-column is-layout-flow wp-block-column-is-layout-flow\">\n<h3 class=\"wp-block-heading\">Tankki t\u00e4yteen<\/h3>\n\n\n\n<p class=\"has-ast-global-color-8-color has-text-color has-link-color wp-elements-c464e2965dfa7d1eb74659de0e40d576\">Tankki t\u00e4yteen niin autolle kuin kuskille!<\/p>\n<\/div>\n\n\n\n<div class=\"wp-block-column is-layout-flow wp-block-column-is-layout-flow\">\n<h3 class=\"wp-block-heading\">Auto puhtaaksi<\/h3>\n\n\n\n<p class=\"has-ast-global-color-8-color has-text-color has-link-color wp-elements-655f32ff40c8313303f4dbf8593164bc\">Meilt\u00e4 laadukkaat Quickwash autopesut, jotta saat autosi puhtaaksi!<\/p>\n<\/div>\n<\/div>\n<\/div>\n\n\n\n<div class=\"wp-block-media-text is-stacked-on-mobile\"><figure class=\"wp-block-media-text__media\"><img loading=\"lazy\" decoding=\"async\" width=\"1024\" height=\"768\" src=\"https:\/\/www.nestekeha3.fi\/wp-content\/uploads\/2024\/07\/PHOTO-2024-06-10-18-11-10-2-1024x768.jpg\" alt=\"\" class=\"wp-image-43 size-full\" srcset=\"https:\/\/www.nestekeha3.fi\/wp-content\/uploads\/2024\/07\/PHOTO-2024-06-10-18-11-10-2-1024x768.jpg 1024w, https:\/\/www.nestekeha3.fi\/wp-content\/uploads\/2024\/07\/PHOTO-2024-06-10-18-11-10-2-300x225.jpg 300w, https:\/\/www.nestekeha3.fi\/wp-content\/uploads\/2024\/07\/PHOTO-2024-06-10-18-11-10-2-768x576.jpg 768w, https:\/\/www.nestekeha3.fi\/wp-content\/uploads\/2024\/07\/PHOTO-2024-06-10-18-11-10-2-1536x1152.jpg 1536w, https:\/\/www.nestekeha3.fi\/wp-content\/uploads\/2024\/07\/PHOTO-2024-06-10-18-11-10-2.jpg 1600w\" sizes=\"auto, (max-width: 1024px) 100vw, 1024px\" \/><\/figure><div class=\"wp-block-media-text__content\">\n<h3 class=\"wp-block-heading has-large-font-size\">Meilt\u00e4<\/h3>\n\n\n\n<p class=\"has-ast-global-color-8-color has-text-color has-link-color wp-elements-d147a5bd440f40d38d9bd20665e49a57\">Meill\u00e4 saat sek\u00e4 kuskin ett\u00e4 auton tankin t\u00e4yteen. Saat autosi my\u00f6s puhtaaksi sek\u00e4 \u00f6ljy\u00e4 tai vaikka pyyhkij\u00e4nsulat tarvittaessa. Meilt\u00e4 saat my\u00f6s uuden kaasupullon tai vaihdettua tyhj\u00e4n kaasupullon uuteen.<br><br>Meilt\u00e4 my\u00f6s ev\u00e4\u00e4t matkalle tai lounas kesken ty\u00f6p\u00e4iv\u00e4n. Kahvia ja pullaa matkaan mukaan!<\/p>\n<\/div><\/div>\n\n\n\n<p><\/p>\n\n\n\n<div class=\"wp-block-group has-ast-global-color-5-color has-ast-global-color-0-background-color has-text-color has-background has-link-color wp-elements-38e4ff5806ab56ed908b8f92a01700df is-content-justification-center is-layout-constrained wp-container-core-group-is-layout-aeca49c8 wp-block-group-is-layout-constrained\" style=\"border-style:none;border-width:0px;border-radius:43px\">\n<h2 class=\"wp-block-heading has-ast-global-color-5-color has-ast-global-color-0-background-color has-text-color has-background has-link-color wp-elements-20be81832007a50ae09879488d946748\">Yhteystietomme<\/h2>\n\n\n\n<div class=\"wp-block-columns is-layout-flex wp-container-core-columns-is-layout-28f84493 wp-block-columns-is-layout-flex\">\n<div class=\"wp-block-column is-layout-flow wp-block-column-is-layout-flow\">\n<h3 class=\"wp-block-heading has-ast-global-color-5-color has-ast-global-color-0-background-color has-text-color has-background has-link-color wp-elements-ef7f1da54353f47a19ebb046863628f5\">Yhteystiedot<\/h3>\n\n\n\n<ul class=\"wp-block-list has-ast-global-color-5-color has-ast-global-color-0-background-color has-text-color has-background has-link-color wp-elements-45962863ec578f8f95b53393383554e9\">\n<li>Puh ravintola: 0449010734<\/li>\n\n\n\n<li>Puh myym\u00e4l\u00e4: 0449010733<\/li>\n<\/ul>\n<\/div>\n\n\n\n<div class=\"wp-block-column is-layout-flow wp-block-column-is-layout-flow\">\n<h3 class=\"wp-block-heading has-ast-global-color-5-color has-ast-global-color-0-background-color has-text-color has-background has-link-color wp-elements-9681166d4cdc68221d8185b777b97731\">Osoitteemme<\/h3>\n\n\n\n<ul class=\"wp-block-list has-ast-global-color-5-color has-ast-global-color-0-background-color has-text-color has-background has-link-color wp-elements-f9ba393aa990b69316394db8185ee8ea\">\n<li>Niittytie 2, 01510 Vantaa<\/li>\n<\/ul>\n<\/div>\n\n\n\n<div class=\"wp-block-column is-layout-flow wp-block-column-is-layout-flow\">\n<h3 class=\"wp-block-heading has-ast-global-color-5-color has-ast-global-color-0-background-color has-text-color has-background has-link-color wp-elements-6b777d4ed9705acc567abe2a16028fd8\">Kauppias<\/h3>\n\n\n\n<ul class=\"wp-block-list has-ast-global-color-5-color has-ast-global-color-0-background-color has-text-color has-background has-link-color wp-elements-7177848a2341bfe1aa4413e3ca850705\">\n<li>Mari Lind\u00e9n <\/li>\n\n\n\n<li>Mari.linden@nestekerava.fi<\/li>\n<\/ul>\n<\/div>\n<\/div>\n<\/div>\n","protected":false},"excerpt":{"rendered":"<p>Aukioloajat: Herkullinen lounas Neste Keh\u00e4 3:selta joka p\u00e4iv\u00e4! Lounas arkisin 13,50\u20ac , Keittolounas 9,90\u20ac.\u00a0 Maanantai 29.9. Savuporokeittoa ( g, l) [&hellip;]<\/p>\n","protected":false},"author":1,"featured_media":0,"parent":0,"menu_order":0,"comment_status":"closed","ping_status":"closed","template":"","meta":{"site-sidebar-layout":"no-sidebar","site-content-layout":"plain-container","ast-site-content-layout":"default","site-content-style":"default","site-sidebar-style":"default","ast-global-header-display":"","ast-banner-title-visibility":"","ast-main-header-display":"","ast-hfb-above-header-display":"","ast-hfb-below-header-display":"","ast-hfb-mobile-header-display":"","site-post-title":"disabled","ast-breadcrumbs-content":"","ast-featured-img":"","footer-sml-layout":"","ast-disable-related-posts":"","theme-transparent-header-meta":"enabled","adv-header-id-meta":"","stick-header-meta":"","header-above-stick-meta":"","header-main-stick-meta":"","header-below-stick-meta":"","astra-migrate-meta-layouts":"default","ast-page-background-enabled":"default","ast-page-background-meta":{"desktop":{"background-color":"var(--ast-global-color-4)","background-image":"","background-repeat":"repeat","background-position":"center center","background-size":"auto","background-attachment":"scroll","background-type":"","background-media":"","overlay-type":"","overlay-color":"","overlay-opacity":"","overlay-gradient":""},"tablet":{"background-color":"","background-image":"","background-repeat":"repeat","background-position":"center center","background-size":"auto","background-attachment":"scroll","background-type":"","background-media":"","overlay-type":"","overlay-color":"","overlay-opacity":"","overlay-gradient":""},"mobile":{"background-color":"","background-image":"","background-repeat":"repeat","background-position":"center center","background-size":"auto","background-attachment":"scroll","background-type":"","background-media":"","overlay-type":"","overlay-color":"","overlay-opacity":"","overlay-gradient":""}},"ast-content-background-meta":{"desktop":{"background-color":"var(--ast-global-color-5)","background-image":"","background-repeat":"repeat","background-position":"center center","background-size":"auto","background-attachment":"scroll","background-type":"","background-media":"","overlay-type":"","overlay-color":"","overlay-opacity":"","overlay-gradient":""},"tablet":{"background-color":"var(--ast-global-color-5)","background-image":"","background-repeat":"repeat","background-position":"center center","background-size":"auto","background-attachment":"scroll","background-type":"","background-media":"","overlay-type":"","overlay-color":"","overlay-opacity":"","overlay-gradient":""},"mobile":{"background-color":"var(--ast-global-color-5)","background-image":"","background-repeat":"repeat","background-position":"center center","background-size":"auto","background-attachment":"scroll","background-type":"","background-media":"","overlay-type":"","overlay-color":"","overlay-opacity":"","overlay-gradient":""}},"footnotes":""},"class_list":["post-18","page","type-page","status-publish","hentry"],"_links":{"self":[{"href":"https:\/\/www.nestekeha3.fi\/index.php?rest_route=\/wp\/v2\/pages\/18","targetHints":{"allow":["GET"]}}],"collection":[{"href":"https:\/\/www.nestekeha3.fi\/index.php?rest_route=\/wp\/v2\/pages"}],"about":[{"href":"https:\/\/www.nestekeha3.fi\/index.php?rest_route=\/wp\/v2\/types\/page"}],"author":[{"embeddable":true,"href":"https:\/\/www.nestekeha3.fi\/index.php?rest_route=\/wp\/v2\/users\/1"}],"replies":[{"embeddable":true,"href":"https:\/\/www.nestekeha3.fi\/index.php?rest_route=%2Fwp%2Fv2%2Fcomments&post=18"}],"version-history":[{"count":332,"href":"https:\/\/www.nestekeha3.fi\/index.php?rest_route=\/wp\/v2\/pages\/18\/revisions"}],"predecessor-version":[{"id":573,"href":"https:\/\/www.nestekeha3.fi\/index.php?rest_route=\/wp\/v2\/pages\/18\/revisions\/573"}],"wp:attachment":[{"href":"https:\/\/www.nestekeha3.fi\/index.php?rest_route=%2Fwp%2Fv2%2Fmedia&parent=18"}],"curies":[{"name":"wp","href":"https:\/\/api.w.org\/{rel}","templated":true}]}}