{"id":9,"date":"2024-08-01T04:24:00","date_gmt":"2024-08-01T04:24:00","guid":{"rendered":"https:\/\/www.nestekeha3.fi\/?page_id=9"},"modified":"2024-07-31T16:46:27","modified_gmt":"2024-07-31T16:46:27","slug":"autopesu","status":"publish","type":"page","link":"https:\/\/www.nestekeha3.fi\/?page_id=9","title":{"rendered":"Autopesut"},"content":{"rendered":"\n<h2 class=\"wp-block-heading\">Quickwash-pesut<\/h2>\n\n\n\n<div class=\"wp-block-cover is-light\"><span aria-hidden=\"true\" class=\"wp-block-cover__background has-background-dim\" style=\"background-color:#8f8f8f\"><\/span><img loading=\"lazy\" decoding=\"async\" width=\"2048\" height=\"1152\" class=\"wp-block-cover__image-background wp-image-58\" alt=\"\" src=\"https:\/\/www.nestekeha3.fi\/wp-content\/uploads\/2024\/07\/IMG_1371.jpg\" data-object-fit=\"cover\" srcset=\"https:\/\/www.nestekeha3.fi\/wp-content\/uploads\/2024\/07\/IMG_1371.jpg 2048w, https:\/\/www.nestekeha3.fi\/wp-content\/uploads\/2024\/07\/IMG_1371-300x169.jpg 300w, https:\/\/www.nestekeha3.fi\/wp-content\/uploads\/2024\/07\/IMG_1371-1024x576.jpg 1024w, https:\/\/www.nestekeha3.fi\/wp-content\/uploads\/2024\/07\/IMG_1371-768x432.jpg 768w, https:\/\/www.nestekeha3.fi\/wp-content\/uploads\/2024\/07\/IMG_1371-1536x864.jpg 1536w\" sizes=\"auto, (max-width: 2048px) 100vw, 2048px\" \/><div class=\"wp-block-cover__inner-container is-layout-constrained wp-block-cover-is-layout-constrained\">\n<p class=\"has-text-align-center has-large-font-size\"><\/p>\n<\/div><\/div>\n\n\n\n<p>Autopesut<\/p>\n\n\n\n<h2 class=\"wp-block-heading has-large-font-size\">Auto puhtaaksi meid\u00e4n pesuillamme!&nbsp;<\/h2>\n\n\n\n<p class=\"has-ast-global-color-2-color has-text-color has-link-color wp-elements-8e30fd32ee38d462905dc9efcc97f9b6\">Pesuhallimme leveys on 2,5 metri\u00e4 ja korkeus 2,6 metri\u00e4.&nbsp;<\/p>\n\n\n\n<p class=\"has-ast-global-color-8-color has-text-color has-link-color wp-elements-86bf8c3e72d49b4d8680f4fa9f734f35\">Autopesu on auki myym\u00e4l\u00e4n aukioloaikoina.&nbsp;<\/p>\n\n\n\n<h2 class=\"wp-block-heading has-medium-font-size\">Loistopesu Business 43,90\u20ac tai Loistopesu 39,90\u20ac<\/h2>\n\n\n\n<ul class=\"wp-block-list has-ast-global-color-8-color has-text-color has-link-color wp-elements-4bb3cc4210c5ba1730833830a360be59\">\n<li>T\u00e4ll\u00e4 pesulla saat autosta suurimmatkin kurat pois ja vahan pintaan likaantumista ehk\u00e4isem\u00e4\u00e4n!&nbsp;<\/li>\n\n\n\n<li>Loistovaha&nbsp;<\/li>\n\n\n\n<li>Business pesussa sadesuoja, renkaiden puhdistus sek\u00e4 kahvi ja pulla matkaan mukaan!&nbsp;<\/li>\n<\/ul>\n\n\n\n<h2 class=\"wp-block-heading has-medium-font-size\">Kausitehopesu 31,90\u20ac<\/h2>\n\n\n\n<h2 class=\"wp-block-heading has-medium-font-size\">Kausitehopesu kiiltovahalla 34,90\u20ac<\/h2>\n\n\n\n<h2 class=\"wp-block-heading has-medium-font-size\">Kausitehopesu Business 38,90\u20ac<\/h2>\n\n\n\n<ul class=\"wp-block-list has-ast-global-color-8-color has-text-color has-link-color wp-elements-4cbfb3158383e11df3f2e2a371645d26\">\n<li>Vuodenaikaan sopiva pesu, joka puhdistaa liat tehokkaasti<\/li>\n\n\n\n<li>Kiiltovaha likaantumista ehk\u00e4isem\u00e4\u00e4n&nbsp;<\/li>\n\n\n\n<li>Business pesussa sadesuoja, renkaiden puhdistus sek\u00e4 kahvi ja pulla matkaan mukaan!&nbsp;<\/li>\n<\/ul>\n\n\n\n<h2 class=\"wp-block-heading has-medium-font-size\">Pehmoharjapesu kiiltovahalla 26,90\u20ac<\/h2>\n\n\n\n<h2 class=\"wp-block-heading has-medium-font-size\">Pehmoharjapesu alustapesulla 26,90\u20ac<\/h2>\n\n\n\n<h2 class=\"wp-block-heading has-medium-font-size\">Pehmoharjapesu 23,90\u20ac&nbsp;<\/h2>\n\n\n\n<ul class=\"wp-block-list has-ast-global-color-8-color has-text-color has-link-color wp-elements-2fc6252e5976a1d9b7cdb41aeed9985e\">\n<li>Pesu, jolla saat auton nopeasti puhtaaksi&nbsp;<\/li>\n<\/ul>\n\n\n\n<h2 class=\"wp-block-heading has-medium-font-size\">Harjaton pesu 20,90\u20ac&nbsp;<\/h2>\n\n\n\n<h2 class=\"wp-block-heading has-medium-font-size\">Boksipesu 23,90\u20ac<\/h2>\n\n\n\n<ul class=\"wp-block-list has-ast-global-color-8-color has-text-color has-link-color wp-elements-17d92b42c720f2ef235eb70c32e2c51f\">\n<li>Boksipesu tarkoitettu autoille, jossa on esimerkiksi taakkatelineet tai suksiboksi auton katolla. Huom! Varmista pesuhallin mitat kassalta!<\/li>\n<\/ul>\n","protected":false},"excerpt":{"rendered":"<p>Quickwash-pesut Autopesut Auto puhtaaksi meid\u00e4n pesuillamme!&nbsp; Pesuhallimme leveys on 2,5 metri\u00e4 ja korkeus 2,6 metri\u00e4.&nbsp; Autopesu on auki myym\u00e4l\u00e4n aukioloaikoina.&nbsp; [&hellip;]<\/p>\n","protected":false},"author":1,"featured_media":0,"parent":0,"menu_order":0,"comment_status":"closed","ping_status":"closed","template":"","meta":{"site-sidebar-layout":"default","site-content-layout":"","ast-site-content-layout":"default","site-content-style":"default","site-sidebar-style":"default","ast-global-header-display":"","ast-banner-title-visibility":"","ast-main-header-display":"","ast-hfb-above-header-display":"","ast-hfb-below-header-display":"","ast-hfb-mobile-header-display":"","site-post-title":"","ast-breadcrumbs-content":"","ast-featured-img":"","footer-sml-layout":"","ast-disable-related-posts":"","theme-transparent-header-meta":"","adv-header-id-meta":"","stick-header-meta":"","header-above-stick-meta":"","header-main-stick-meta":"","header-below-stick-meta":"","astra-migrate-meta-layouts":"default","ast-page-background-enabled":"default","ast-page-background-meta":{"desktop":{"background-color":"var(--ast-global-color-4)","background-image":"","background-repeat":"repeat","background-position":"center center","background-size":"auto","background-attachment":"scroll","background-type":"","background-media":"","overlay-type":"","overlay-color":"","overlay-opacity":"","overlay-gradient":""},"tablet":{"background-color":"","background-image":"","background-repeat":"repeat","background-position":"center center","background-size":"auto","background-attachment":"scroll","background-type":"","background-media":"","overlay-type":"","overlay-color":"","overlay-opacity":"","overlay-gradient":""},"mobile":{"background-color":"","background-image":"","background-repeat":"repeat","background-position":"center center","background-size":"auto","background-attachment":"scroll","background-type":"","background-media":"","overlay-type":"","overlay-color":"","overlay-opacity":"","overlay-gradient":""}},"ast-content-background-meta":{"desktop":{"background-color":"var(--ast-global-color-5)","background-image":"","background-repeat":"repeat","background-position":"center center","background-size":"auto","background-attachment":"scroll","background-type":"","background-media":"","overlay-type":"","overlay-color":"","overlay-opacity":"","overlay-gradient":""},"tablet":{"background-color":"var(--ast-global-color-5)","background-image":"","background-repeat":"repeat","background-position":"center center","background-size":"auto","background-attachment":"scroll","background-type":"","background-media":"","overlay-type":"","overlay-color":"","overlay-opacity":"","overlay-gradient":""},"mobile":{"background-color":"var(--ast-global-color-5)","background-image":"","background-repeat":"repeat","background-position":"center center","background-size":"auto","background-attachment":"scroll","background-type":"","background-media":"","overlay-type":"","overlay-color":"","overlay-opacity":"","overlay-gradient":""}},"footnotes":""},"class_list":["post-9","page","type-page","status-publish","hentry"],"_links":{"self":[{"href":"https:\/\/www.nestekeha3.fi\/index.php?rest_route=\/wp\/v2\/pages\/9","targetHints":{"allow":["GET"]}}],"collection":[{"href":"https:\/\/www.nestekeha3.fi\/index.php?rest_route=\/wp\/v2\/pages"}],"about":[{"href":"https:\/\/www.nestekeha3.fi\/index.php?rest_route=\/wp\/v2\/types\/page"}],"author":[{"embeddable":true,"href":"https:\/\/www.nestekeha3.fi\/index.php?rest_route=\/wp\/v2\/users\/1"}],"replies":[{"embeddable":true,"href":"https:\/\/www.nestekeha3.fi\/index.php?rest_route=%2Fwp%2Fv2%2Fcomments&post=9"}],"version-history":[{"count":3,"href":"https:\/\/www.nestekeha3.fi\/index.php?rest_route=\/wp\/v2\/pages\/9\/revisions"}],"predecessor-version":[{"id":63,"href":"https:\/\/www.nestekeha3.fi\/index.php?rest_route=\/wp\/v2\/pages\/9\/revisions\/63"}],"wp:attachment":[{"href":"https:\/\/www.nestekeha3.fi\/index.php?rest_route=%2Fwp%2Fv2%2Fmedia&parent=9"}],"curies":[{"name":"wp","href":"https:\/\/api.w.org\/{rel}","templated":true}]}}